
{"id":14792,"date":"2025-10-22T15:30:18","date_gmt":"2025-10-22T13:30:18","guid":{"rendered":"https:\/\/przedszkole47.edu.wroclaw.pl\/?page_id=14792"},"modified":"2026-01-19T22:09:09","modified_gmt":"2026-01-19T21:09:09","slug":"kacik-zdrowego-malucha","status":"publish","type":"page","link":"https:\/\/przedszkole47.edu.wroclaw.pl\/index.php\/dla-rodzicow\/kacik-zdrowego-malucha\/","title":{"rendered":"K\u0105cik zdrowego malucha"},"content":{"rendered":"<div class=\"wpb-content-wrapper\"><p>[vc_row][vc_column][vc_gallery type=&#8221;image_grid&#8221; images=&#8221;16212&#8243; css=&#8221;&#8221; title=&#8221;\u0179r\u00f3d\u0142o: &#8222;\u017bywienie w przedszkolu w praktyce&#8222; K. Wolnicka, A. Taraszewska, J. Jaczewska-Schuetz, M. Kor\u00f3lczyk-Kowalczyk&#8221;][vc_gallery type=&#8221;image_grid&#8221; images=&#8221;16210&#8243; css=&#8221;&#8221; title=&#8221;Pasta z zielonego groszku&#8221;][vc_gallery type=&#8221;image_grid&#8221; images=&#8221;15159&#8243; css=&#8221;&#8221; title=&#8221;Przepis na past\u0119 z pieczonego buraka :)&#8221;][vc_gallery type=&#8221;image_grid&#8221; images=&#8221;15158&#8243; css=&#8221;&#8221; title=&#8221;Przepis na sur\u00f3wk\u0119 z dyni :)&#8221;][\/vc_column][\/vc_row]<\/p>\n<\/div>","protected":false},"excerpt":{"rendered":"<p>[vc_row][vc_column][vc_gallery type=&#8221;image_grid&#8221; images=&#8221;16212&#8243; css=&#8221;&#8221; title=&#8221;\u0179r\u00f3d\u0142o: &#8222;\u017bywienie w przedszkolu w praktyce&#8222; K. Wolnicka, A. Taraszewska, J. Jaczewska-Schuetz, M. Kor\u00f3lczyk-Kowalczyk&#8221;][vc_gallery type=&#8221;image_grid&#8221; images=&#8221;16210&#8243; css=&#8221;&#8221; title=&#8221;Pasta z zielonego groszku&#8221;][vc_gallery type=&#8221;image_grid&#8221; images=&#8221;15159&#8243; css=&#8221;&#8221; title=&#8221;Przepis na [&hellip;]<\/p>\n","protected":false},"author":72,"featured_media":0,"parent":19,"menu_order":0,"comment_status":"closed","ping_status":"closed","template":"","meta":{"ngg_post_thumbnail":0,"footnotes":""},"class_list":["post-14792","page","type-page","status-publish","hentry","clearfix"],"_links":{"self":[{"href":"https:\/\/przedszkole47.edu.wroclaw.pl\/index.php\/wp-json\/wp\/v2\/pages\/14792","targetHints":{"allow":["GET"]}}],"collection":[{"href":"https:\/\/przedszkole47.edu.wroclaw.pl\/index.php\/wp-json\/wp\/v2\/pages"}],"about":[{"href":"https:\/\/przedszkole47.edu.wroclaw.pl\/index.php\/wp-json\/wp\/v2\/types\/page"}],"author":[{"embeddable":true,"href":"https:\/\/przedszkole47.edu.wroclaw.pl\/index.php\/wp-json\/wp\/v2\/users\/72"}],"replies":[{"embeddable":true,"href":"https:\/\/przedszkole47.edu.wroclaw.pl\/index.php\/wp-json\/wp\/v2\/comments?post=14792"}],"version-history":[{"count":9,"href":"https:\/\/przedszkole47.edu.wroclaw.pl\/index.php\/wp-json\/wp\/v2\/pages\/14792\/revisions"}],"predecessor-version":[{"id":16213,"href":"https:\/\/przedszkole47.edu.wroclaw.pl\/index.php\/wp-json\/wp\/v2\/pages\/14792\/revisions\/16213"}],"up":[{"embeddable":true,"href":"https:\/\/przedszkole47.edu.wroclaw.pl\/index.php\/wp-json\/wp\/v2\/pages\/19"}],"wp:attachment":[{"href":"https:\/\/przedszkole47.edu.wroclaw.pl\/index.php\/wp-json\/wp\/v2\/media?parent=14792"}],"curies":[{"name":"wp","href":"https:\/\/api.w.org\/{rel}","templated":true}]}}