
{"id":16227,"date":"2026-01-23T14:27:22","date_gmt":"2026-01-23T13:27:22","guid":{"rendered":"https:\/\/przedszkole47.edu.wroclaw.pl\/?page_id=16227"},"modified":"2026-01-23T14:33:22","modified_gmt":"2026-01-23T13:33:22","slug":"ksef","status":"publish","type":"page","link":"https:\/\/przedszkole47.edu.wroclaw.pl\/index.php\/kontakt\/ksef\/","title":{"rendered":"KSeF"},"content":{"rendered":"<div class=\"wpb-content-wrapper\"><p>[vc_row css=&#8221;.vc_custom_1769175200404{border-top-width: 1px !important;border-right-width: 1px !important;border-bottom-width: 1px !important;border-left-width: 1px !important;border-left-style: solid !important;border-right-style: solid !important;border-top-style: solid !important;border-bottom-style: solid !important;border-radius: 5px !important;border-color: #D5D0D0 !important;}&#8221; el_class=&#8221;.ksef&#8221;][vc_column][vc_column_text css=&#8221;&#8221;]<span style=\"font-size: 14pt;\"><strong>KSeF \u2013 wystawianie faktur dla <em>Przedszkole nr 47 \u201eLe\u015bny Ludek\u201d<\/em><\/strong><\/span><\/p>\n<p><span style=\"font-size: 14pt;\">Je\u017celi zawarli\u015bcie Pa\u0144stwo umow\u0119 z Gmin\u0105 Wroc\u0142aw <em>Przedszkolem nr 47\u201dLe\u015bny Ludek\u201d<\/em>, bardzo prosz\u0119 o wystawianie faktur za \u015bwiadczone us\u0142ugi lub dostawy w nast\u0119puj\u0105cy spos\u00f3b:<\/span><\/p>\n<p><span style=\"font-size: 14pt;\"><strong>Nabywca:<\/strong> Gmina Wroc\u0142aw, NIP 897 13 83 551<\/span><\/p>\n<p><span style=\"font-size: 14pt;\">plac Nowy Targ 1-8, 50-141 Wroc\u0142aw<\/span><\/p>\n<p><span style=\"font-size: 14pt;\"><strong>Podmiot inny:<\/strong> <em>Przedszkole nr 47\u201dLe\u015bny Ludek\u201d, NIP 898-18-72-122, al. L. R\u00f3\u017cyckiego 1a 51-608 Wroc\u0142aw \/<\/em><\/span><\/p>\n<p><span style=\"font-size: 14pt;\">Je\u017celi wystawicie Pa\u0144stwo faktur\u0119 w spos\u00f3b wskazany powy\u017cej (tj. podacie Pa\u0144stwo na fakturze dwa numery NIP), faktura trafi z KSeF bezpo\u015brednio do w\u0142a\u015bciwej jednostki. Je\u017celi na fakturze nie b\u0119dzie podanego numeru NIP jednostki, utrudni i wyd\u0142u\u017cy to proces przydzielania faktury do odpowiedniej jednostki.<\/span><\/p>\n<p><span style=\"font-size: 14pt;\">Bardzo prosz\u0119 r\u00f3wnie\u017c o podawanie na fakturze numeru umowy\/zam\u00f3wienia.<\/span><\/p>\n<p><span style=\"font-size: 14pt;\">Powy\u017csze zasady dotycz\u0105 faktur wystawionych za po\u015brednictwem KSeF od dnia 01 lutego 2026 r.<\/span>[\/vc_column_text][\/vc_column][\/vc_row]<\/p>\n<\/div>","protected":false},"excerpt":{"rendered":"<p>[vc_row css=&#8221;.vc_custom_1769175200404{border-top-width: 1px !important;border-right-width: 1px !important;border-bottom-width: 1px !important;border-left-width: 1px !important;border-left-style: solid !important;border-right-style: solid !important;border-top-style: solid !important;border-bottom-style: solid !important;border-radius: 5px !important;border-color: #D5D0D0 !important;}&#8221; el_class=&#8221;.ksef&#8221;][vc_column][vc_column_text css=&#8221;&#8221;]KSeF \u2013 wystawianie faktur dla Przedszkole nr [&hellip;]<\/p>\n","protected":false},"author":72,"featured_media":0,"parent":25,"menu_order":0,"comment_status":"closed","ping_status":"closed","template":"","meta":{"ngg_post_thumbnail":0,"footnotes":""},"class_list":["post-16227","page","type-page","status-publish","hentry","clearfix"],"_links":{"self":[{"href":"https:\/\/przedszkole47.edu.wroclaw.pl\/index.php\/wp-json\/wp\/v2\/pages\/16227","targetHints":{"allow":["GET"]}}],"collection":[{"href":"https:\/\/przedszkole47.edu.wroclaw.pl\/index.php\/wp-json\/wp\/v2\/pages"}],"about":[{"href":"https:\/\/przedszkole47.edu.wroclaw.pl\/index.php\/wp-json\/wp\/v2\/types\/page"}],"author":[{"embeddable":true,"href":"https:\/\/przedszkole47.edu.wroclaw.pl\/index.php\/wp-json\/wp\/v2\/users\/72"}],"replies":[{"embeddable":true,"href":"https:\/\/przedszkole47.edu.wroclaw.pl\/index.php\/wp-json\/wp\/v2\/comments?post=16227"}],"version-history":[{"count":7,"href":"https:\/\/przedszkole47.edu.wroclaw.pl\/index.php\/wp-json\/wp\/v2\/pages\/16227\/revisions"}],"predecessor-version":[{"id":16235,"href":"https:\/\/przedszkole47.edu.wroclaw.pl\/index.php\/wp-json\/wp\/v2\/pages\/16227\/revisions\/16235"}],"up":[{"embeddable":true,"href":"https:\/\/przedszkole47.edu.wroclaw.pl\/index.php\/wp-json\/wp\/v2\/pages\/25"}],"wp:attachment":[{"href":"https:\/\/przedszkole47.edu.wroclaw.pl\/index.php\/wp-json\/wp\/v2\/media?parent=16227"}],"curies":[{"name":"wp","href":"https:\/\/api.w.org\/{rel}","templated":true}]}}