
{"id":185,"date":"2020-09-17T08:10:44","date_gmt":"2020-09-17T06:10:44","guid":{"rendered":"https:\/\/przedszkole47.edu.wroclaw.pl\/?page_id=185"},"modified":"2026-04-07T11:54:49","modified_gmt":"2026-04-07T09:54:49","slug":"jadlospis","status":"publish","type":"page","link":"https:\/\/przedszkole47.edu.wroclaw.pl\/index.php\/dla-rodzicow\/jadlospis\/","title":{"rendered":"Jad\u0142ospis"},"content":{"rendered":"<div class=\"wpb-content-wrapper\"><p>[vc_row][vc_column][vc_column_text css=&#8221;&#8221;]Jad\u0142ospis Przedszkole nr 47 Le\u015bny Ludek<br \/>\nod 06-04-2026 do 11-04-2026<\/p>\n<p>Data<br \/>\n\u015aniadanie<br \/>\nObiad<br \/>\nZupa + podwieczorek<\/p>\n<p>06-04<br \/>\nPoniedzia\u0142ek<br \/>\nwolne<br \/>\nwolne<br \/>\nwolne<\/p>\n<p>07-04<br \/>\nWtorek<\/p>\n<p>Chleb \u017cytni 50 g z mas\u0142em 8g (zawiera: pszenica, \u017cyto, mleko) pasta z bia\u0142ej fasoli 35g (zawiera: fasola, jab\u0142ko, cebula, majeranek), papryka mix 20g, og\u00f3rek zielony 25 g, sa\u0142ata lodowa 10g, gruszka 30g.<\/p>\n<p>Kawa z mlekiem (zawiera: mleko, kawa) 250 ml<br \/>\nZapiekanka ziemniaczana z groszkiem i marchewk\u0105 pod beszamelem (zawiera: ziemniaki, marchew, por, zielony groszek, mi\u0119so z indyka, mleko, pszenica, cebula, czosnek) 180g\/100 g<\/p>\n<p>Sur\u00f3wka z kiszonej kapusty (zawiera: kapusta kiszona, jab\u0142ko, marchew, natka, olej) 70g\/20g<br \/>\nWoda 250 ml<br \/>\nZupa kalafiorowa z kasz\u0105 mann\u0105 (zawiera: woda, kalafior, pszenica, czosnek, natka, por, marchew, seler, pietruszka) 250 ml\/170 g<\/p>\n<p>Koktajl wi\u015bniowy na jogurcie z orzechami nerkowca (zawiera: mleko, nerkowce, wi\u015bnie) 150g\/50g<\/p>\n<p>08-04<br \/>\n\u015aroda<\/p>\n<p>P\u0142atki owsiane na mleku z suszon\u0105 \u015bliwk\u0105 (zawiera: mleko, pszenica, \u015bliwka) 250 ml Chleb \u017cytni 30 g z mas\u0142em 4g (zawiera: mleko, \u017cyto, Pasta twarogowa z suszonymi pomidorami 20 g (zawiera: mleko, suszone pomidory), marchew 20 g, papryka mix 20 g, og\u00f3rek kiszony 20 g, sa\u0142ata lodowa 10 g,<br \/>\nNapar z dzikiej r\u00f3\u017cy (zawiera: owoce dzikiej r\u00f3\u017cy, jab\u0142ko, kwiat hibiskusa, owoce aronii, aromat) 250 ml<br \/>\nWielowarzywne leczo z soczewic\u0105 z kasz\u0105 bulgur (zawiera: cukinia, soczewica, papryka, marchew, seler, pietruszka, natka, pomidor, czosnek, cebula, pszenica) 180g\/90g<\/p>\n<p>Mix sa\u0142at z sosem winegret i s\u0142onecznikiem (zawiera: sa\u0142ata lodowa, sa\u0142ata rzymska, roszponka, mi\u00f3d, cytryna, oliwa, s\u0142onecznik) 70g\/10g<br \/>\nNapar pomara\u0144czowy z imbirem 250 ml\/20g (pomara\u0144cza, imbir)<br \/>\nZupa krupnik z kasz\u0105 p\u0119czak (zawiera: woda, marchew, pietruszka, por, seler, cebula, j\u0119czmie\u0144, koper, czosnek, natka, przyprawy) 250 ml\/170 g<\/p>\n<p>Zielone smoothie (zawiera: woda, szpinak, pomara\u0144cz, cytryna, gruszka) 130 g\/70g<\/p>\n<p>09-04<br \/>\nCzwartek<\/p>\n<p>Pieczywo mieszane 50 g z mas\u0142em 10 g (zawiera: mleko, pszenica, \u017cyto) ser mozzarella 20 g (zawiera: mleko), pasta z zielonego groszku (zawiera: groszek, oliwa, bazylia, mi\u0119ta) 20 g, mus porzeczkowy \u2013 wyr\u00f3b w\u0142asny (zawiera: czarna porzeczka) 20g, pomidory 20 g, Papryka \u017c\u00f3\u0142ta 20 g, og\u00f3rek zielony 20 g roszponka 10 g<br \/>\nKakao na mleku (zawiera: mleko, kakao) 250 ml<br \/>\nMakaron pe\u0142noziarnisty \u015bwiderki ze szpinakiem i serem (zawiera: pszenica, mleko, szpinak, cebula, czosnek) 220 g\/120g<\/p>\n<p>Sur\u00f3wka wielowarzywna (zawiera: marchew, seler, kukurydza, natka, oliwa) 70g<br \/>\nWoda z cytryn\u0105 250 ml \/30 g<\/p>\n<p>Zupa jarzynowa z ziemniakami (zawiera: woda, seler, koper, fasolka szparagowa, kalafior, pietruszka, por, natka, czosnek, cebula, marchew, ziemniaki) 250 ml\/ 150g<\/p>\n<p>Kuskus na s\u0142odko (zawiera: pszenica, rodzynki, kiwi, siemi\u0119 lniane, mi\u00f3d) 150 g\/50g<\/p>\n<p>10-04<br \/>\nPi\u0105tek<\/p>\n<p>Chleb \u017cytni 50 g z mas\u0142em 8g (zawiera: \u017cyto, mleko) jajecznica ze szczypiorkiem (zawiera: jaja, mleko, szczypior) papryka czerwona 20 g rukola 10 g, og\u00f3rek zielony 20 g, rzodkiew 20g<\/p>\n<p>Kawa z mlekiem (zawiera: mleko, kawa ) 250 ml<br \/>\nFilet z ryby z ziemniakami z koperkiem (zawiera: ryba miruna, ziemniaki, koper, pszenica, jaja,) 130g\/70g<\/p>\n<p>Sa\u0142ata lodowa z sosem jogurtowym (zawiera: sa\u0142ata lodowa, mleko) 70 g<br \/>\nWoda 250 ml<br \/>\nZupa pomidorowa z makaronem (zawiera: woda, pomidor, pszenica, pietruszka, por, seler, cebula, marchew, czosnek) 250 ml\/180g<\/p>\n<p>Talerz owocowo-warzywny (zawiera: winogron, gruszka, melon, kalarepa ) 150 g\/50g\/100g<\/p>\n<p>Substancje lub produkty powoduj\u0105ce alergie lub nietolerancje pokarmowe zgodnie z Za\u0142\u0105cznikiem II UE Rozporz\u0105dzenia nr 1169\/ 2011Wykaz substancji i produkt\u00f3w powoduj\u0105cych alergie lub nietolerancje pokarmowe wykorzystanych do przygotowania posi\u0142k\u00f3w na terenie naszej kuchni oznaczono pogrubionym drukiem. Przedszkole zastrzega sobie prawo do zmiany jad\u0142ospisu z przyczyn losowych lub technologicznych. Dzieci z diet\u0105 bezmleczn\u0105 otrzymuj\u0105 produkty sojowe, owsiane, ry\u017cowe lub z mleka koziego. Szczeg\u00f3\u0142owy wykaz sk\u0142adnik\u00f3w produkt\u00f3w i da\u0144 dost\u0119pny u intendenta. Produkty mog\u0105 zawiera\u0107 \u015bladowe ilo\u015bci gorczycy, jaj, ryb, orzech\u00f3w, sezamu i soj\u0119. Do przygotowywania potraw na ciep\u0142o u\u017cywamy oleju rzepakowego, natomiast do sur\u00f3wek i sa\u0142atek oleje nierafinowane np. oliwa z oliwek, rzepakowy, lniany.[\/vc_column_text][\/vc_column][\/vc_row]<\/p>\n<\/div>","protected":false},"excerpt":{"rendered":"<p>[vc_row][vc_column][vc_column_text css=&#8221;&#8221;]Jad\u0142ospis Przedszkole nr 47 Le\u015bny Ludek od 06-04-2026 do 11-04-2026 Data \u015aniadanie Obiad Zupa + podwieczorek 06-04 Poniedzia\u0142ek wolne wolne wolne 07-04 Wtorek Chleb \u017cytni 50 g z mas\u0142em [&hellip;]<\/p>\n","protected":false},"author":72,"featured_media":0,"parent":19,"menu_order":0,"comment_status":"closed","ping_status":"closed","template":"","meta":{"ngg_post_thumbnail":0,"footnotes":""},"class_list":["post-185","page","type-page","status-publish","hentry","clearfix"],"_links":{"self":[{"href":"https:\/\/przedszkole47.edu.wroclaw.pl\/index.php\/wp-json\/wp\/v2\/pages\/185","targetHints":{"allow":["GET"]}}],"collection":[{"href":"https:\/\/przedszkole47.edu.wroclaw.pl\/index.php\/wp-json\/wp\/v2\/pages"}],"about":[{"href":"https:\/\/przedszkole47.edu.wroclaw.pl\/index.php\/wp-json\/wp\/v2\/types\/page"}],"author":[{"embeddable":true,"href":"https:\/\/przedszkole47.edu.wroclaw.pl\/index.php\/wp-json\/wp\/v2\/users\/72"}],"replies":[{"embeddable":true,"href":"https:\/\/przedszkole47.edu.wroclaw.pl\/index.php\/wp-json\/wp\/v2\/comments?post=185"}],"version-history":[{"count":291,"href":"https:\/\/przedszkole47.edu.wroclaw.pl\/index.php\/wp-json\/wp\/v2\/pages\/185\/revisions"}],"predecessor-version":[{"id":17698,"href":"https:\/\/przedszkole47.edu.wroclaw.pl\/index.php\/wp-json\/wp\/v2\/pages\/185\/revisions\/17698"}],"up":[{"embeddable":true,"href":"https:\/\/przedszkole47.edu.wroclaw.pl\/index.php\/wp-json\/wp\/v2\/pages\/19"}],"wp:attachment":[{"href":"https:\/\/przedszkole47.edu.wroclaw.pl\/index.php\/wp-json\/wp\/v2\/media?parent=185"}],"curies":[{"name":"wp","href":"https:\/\/api.w.org\/{rel}","templated":true}]}}