
{"id":23,"date":"2020-07-22T10:16:19","date_gmt":"2020-07-22T08:16:19","guid":{"rendered":"https:\/\/przedszkole47.edu.wroclaw.pl\/?page_id=23"},"modified":"2024-09-09T20:54:25","modified_gmt":"2024-09-09T18:54:25","slug":"dokumenty","status":"publish","type":"page","link":"https:\/\/przedszkole47.edu.wroclaw.pl\/index.php\/dla-rodzicow\/dokumenty\/","title":{"rendered":"Dokumenty"},"content":{"rendered":"<div class=\"wpb-content-wrapper\"><p>[vc_row][vc_column][vc_column_text css=&#8221;&#8221;]<\/p>\n<h3><a href=\"https:\/\/przedszkole47.edu.wroclaw.pl\/wp-content\/uploads\/sites\/45\/2024\/09\/Polityka-ochrony-dzieci-przed-krzywdzeniem-Przedszkola-nr-47.pdf\"><span style=\"font-size: 18pt\"><strong><span style=\"color: #3366ff\">Polityka ochrony dzieci przed krzywdzeniem w P47<\/span><\/strong><\/span><\/a><\/h3>\n<h3><span style=\"font-size: 18pt;color: #3366ff\"><a href=\"https:\/\/przedszkole47.edu.wroclaw.pl\/wp-content\/uploads\/sites\/45\/2024\/09\/deklaracja-pobytu-dziecka-w-przedszkolu.docx\">Deklaracja pobytu dziecka w przedszkolu.<\/a><\/span><\/h3>\n<h3><span style=\"font-size: 18pt;color: #3366ff\"><a style=\"color: #3366ff\" href=\"https:\/\/przedszkole47.edu.wroclaw.pl\/wp-content\/uploads\/sites\/45\/2020\/08\/Rezygnacja-z-przedszkola-1.docx\">Rezygnacja z przedszkola<\/a><\/span><\/h3>\n<h3><span style=\"font-size: 18pt;color: #3366ff\"><a style=\"color: #3366ff\" href=\"https:\/\/przedszkole47.edu.wroclaw.pl\/wp-content\/uploads\/sites\/45\/2020\/08\/O\u015bwiadczenie-o-d\u0142ugotrwa\u0142ej-nieobecno\u015bci.docx\">O\u015bwiadczenie o d\u0142ugotrwa\u0142ej nieobecno\u015bci<\/a><\/span><\/h3>\n<p><a href=\"https:\/\/przedszkole47.edu.wroclaw.pl\/wp-content\/uploads\/sites\/45\/2023\/09\/P47Procedury-Bezpieczenstwa-aktualne.doc\"><span style=\"color: #3366ff\"><strong><span style=\"font-size: 18pt\">Procedury dotycz\u0105ce zdrowych i bezpiecznych warunk\u00f3w przebywania dzieci w Przedszkolu nr 47 we Wroc\u0142awiu<\/span><\/strong><\/span><\/a><\/p>\n<h3><span style=\"font-size: 18pt;color: #3366ff\"><a style=\"color: #3366ff\" href=\"https:\/\/przedszkole47.edu.wroclaw.pl\/wp-content\/uploads\/sites\/45\/2020\/08\/Regulamin-Rady-Rodzicow-Przedszkola-nr-47.pdf\">Regulamin Rady Rodzicow Przedszkola nr 47<\/a><\/span><\/h3>\n<p><a href=\"https:\/\/przedszkole47.edu.wroclaw.pl\/wp-content\/uploads\/sites\/45\/2024\/02\/wniosek-zwolnienie-z-oplaty-stalej-wielodzietni.docx\"><span style=\"font-size: 18pt\"><strong><span style=\"color: #003366\"><span style=\"color: #0000ff\">Wniosek w sprawie zni\u017cki op\u0142aty za korzystanie z us\u0142ug przedszkola przez dzieci z rodzin wielodzietnych<\/span><\/span><\/strong><\/span><\/a><\/p>\n<p><span style=\"font-size: 18pt;color: #0000ff\"><strong><a style=\"color: #0000ff\" href=\"https:\/\/przedszkole47.edu.wroclaw.pl\/wp-content\/uploads\/sites\/45\/2022\/12\/Upowaznienie-do-odbierania-dziecka-z-przedszkola.pdf\">Upowaznienie do odbierania dziecka z przedszkola<\/a><\/strong><\/span>[\/vc_column_text][\/vc_column][\/vc_row]<\/p>\n<\/div>","protected":false},"excerpt":{"rendered":"<p>[vc_row][vc_column][vc_column_text css=&#8221;&#8221;] Polityka ochrony dzieci przed krzywdzeniem w P47 Deklaracja pobytu dziecka w przedszkolu. Rezygnacja z przedszkola O\u015bwiadczenie o d\u0142ugotrwa\u0142ej nieobecno\u015bci Procedury dotycz\u0105ce zdrowych i bezpiecznych warunk\u00f3w przebywania dzieci w [&hellip;]<\/p>\n","protected":false},"author":72,"featured_media":0,"parent":19,"menu_order":0,"comment_status":"closed","ping_status":"closed","template":"","meta":{"ngg_post_thumbnail":0,"footnotes":""},"class_list":["post-23","page","type-page","status-publish","hentry","clearfix"],"_links":{"self":[{"href":"https:\/\/przedszkole47.edu.wroclaw.pl\/index.php\/wp-json\/wp\/v2\/pages\/23","targetHints":{"allow":["GET"]}}],"collection":[{"href":"https:\/\/przedszkole47.edu.wroclaw.pl\/index.php\/wp-json\/wp\/v2\/pages"}],"about":[{"href":"https:\/\/przedszkole47.edu.wroclaw.pl\/index.php\/wp-json\/wp\/v2\/types\/page"}],"author":[{"embeddable":true,"href":"https:\/\/przedszkole47.edu.wroclaw.pl\/index.php\/wp-json\/wp\/v2\/users\/72"}],"replies":[{"embeddable":true,"href":"https:\/\/przedszkole47.edu.wroclaw.pl\/index.php\/wp-json\/wp\/v2\/comments?post=23"}],"version-history":[{"count":44,"href":"https:\/\/przedszkole47.edu.wroclaw.pl\/index.php\/wp-json\/wp\/v2\/pages\/23\/revisions"}],"predecessor-version":[{"id":10650,"href":"https:\/\/przedszkole47.edu.wroclaw.pl\/index.php\/wp-json\/wp\/v2\/pages\/23\/revisions\/10650"}],"up":[{"embeddable":true,"href":"https:\/\/przedszkole47.edu.wroclaw.pl\/index.php\/wp-json\/wp\/v2\/pages\/19"}],"wp:attachment":[{"href":"https:\/\/przedszkole47.edu.wroclaw.pl\/index.php\/wp-json\/wp\/v2\/media?parent=23"}],"curies":[{"name":"wp","href":"https:\/\/api.w.org\/{rel}","templated":true}]}}