
{"id":25,"date":"2020-07-22T10:16:36","date_gmt":"2020-07-22T08:16:36","guid":{"rendered":"https:\/\/przedszkole47.edu.wroclaw.pl\/?page_id=25"},"modified":"2026-01-27T09:53:03","modified_gmt":"2026-01-27T08:53:03","slug":"kontakt","status":"publish","type":"page","link":"https:\/\/przedszkole47.edu.wroclaw.pl\/index.php\/kontakt\/","title":{"rendered":"Kontakt"},"content":{"rendered":"<div class=\"wpb-content-wrapper\"><p>[vc_row][vc_column width=&#8221;1\/2&#8243;][vc_raw_html]JTNDaWZyYW1lJTIwd2lkdGglM0QlMjIxMDAlMjUlMjIlMjBoZWlnaHQlM0QlMjI1MDAlMjIlMjBzcmMlM0QlMjJodHRwcyUzQSUyRiUyRnd3dy5nb29nbGUuY29tJTJGbWFwcyUyRmVtYmVkJTNGcGIlM0QlMjExbTE4JTIxMW0xMiUyMTFtMyUyMTFkMjUwNC41OTk4NjY2ODgyMjMlMjEyZDE3LjA3MjQ2MjQxNTkxNDMxMyUyMTNkNTEuMTE1ODQyMzQ3MDc3MDA2JTIxMm0zJTIxMWYwJTIxMmYwJTIxM2YwJTIxM20yJTIxMWkxMDI0JTIxMmk3NjglMjE0ZjEzLjElMjEzbTMlMjExbTIlMjExczB4NDcwZmU4MmZkM2YzZWJmNSUyNTNBMHg5NDJjNTA0Mjc4NmM4MDNiJTIxMnNhbGVqYSUyNTIwTHVkb21pcmElMjUyMFIlMjVDMyUyNUIzJTI1QzUlMjVCQ3lja2llZ28lMjUyMDFBJTI1MkMlMjUyMDUxLTYwOCUyNTIwV3JvYyUyNUM1JTI1ODJhdyUyMTVlMCUyMTNtMiUyMTFzcGwlMjEyc3BsJTIxNHYxNTk1NDg1Mjk1MTU2JTIxNW0yJTIxMXNwbCUyMTJzcGwlMjIlMjBmcmFtZWJvcmRlciUzRCUyMjAlMjIlMjBzY3JvbGxpbmclM0QlMjJubyUyMiUyMG1hcmdpbmhlaWdodCUzRCUyMjAlMjIlMjBtYXJnaW53aWR0aCUzRCUyMjAlMjIlM0UlM0MlMkZpZnJhbWUlM0UlMEE=[\/vc_raw_html][\/vc_column][vc_column width=&#8221;1\/2&#8243;][vc_row_inner][vc_column_inner width=&#8221;1\/4&#8243; css=&#8221;.vc_custom_1769176049403{padding-top: 15px !important;}&#8221;][vc_icon icon_fontawesome=&#8221;fa fa-solid fa-location-dot&#8221; color=&#8221;custom&#8221; size=&#8221;xl&#8221; align=&#8221;center&#8221; css=&#8221;&#8221; custom_color=&#8221;#0E470B&#8221;][\/vc_column_inner][vc_column_inner width=&#8221;3\/4&#8243;][vc_column_text css=&#8221;&#8221;]<span style=\"font-size: 14pt;\"><b>Przedszkole nr 47 &#8222;Le\u015bny Ludek&#8221;<br \/>\nAleja Ludomira R\u00f3\u017cyckiego 1A<br \/>\n51-608 Wroc\u0142aw<\/b><\/span>[\/vc_column_text][\/vc_column_inner][\/vc_row_inner][vc_row_inner][vc_column_inner width=&#8221;1\/4&#8243; css=&#8221;.vc_custom_1769176049403{padding-top: 15px !important;}&#8221;][vc_icon icon_fontawesome=&#8221;fa fa-solid fa-phone&#8221; color=&#8221;custom&#8221; size=&#8221;xl&#8221; align=&#8221;center&#8221; css=&#8221;&#8221; custom_color=&#8221;#0E470B&#8221;][\/vc_column_inner][vc_column_inner width=&#8221;3\/4&#8243;][vc_column_text css=&#8221;&#8221;]<span style=\"font-size: 14pt;\"><b>Tel 71 &#8211; 798-67-91<\/b><\/span><\/p>\n<p><span style=\"font-size: 14pt;\">Sekretariat &#8211; wew. 100 lub 102<\/span><br \/>\n<span style=\"font-size: 14pt;\">Grupa: Misie &#8211; wew. 211<\/span><br \/>\n<span style=\"font-size: 14pt;\">Grupa: Wiewi\u00f3rki &#8211; wew. 212<\/span><br \/>\n<span style=\"font-size: 14pt;\">Grupa: Sowy &#8211; wew. 213<\/span>[\/vc_column_text][\/vc_column_inner][\/vc_row_inner][vc_row_inner][vc_column_inner width=&#8221;1\/4&#8243;][vc_icon icon_fontawesome=&#8221;fa fa-solid fa-envelope&#8221; color=&#8221;custom&#8221; size=&#8221;xl&#8221; align=&#8221;center&#8221; css=&#8221;&#8221; custom_color=&#8221;#0E470B&#8221;][\/vc_column_inner][vc_column_inner width=&#8221;3\/4&#8243;][vc_column_text css=&#8221;&#8221;]<span style=\"font-size: 14pt;\"><a href=\"mailto:sekretariat.p047@wroclawskaedukacja.pl\">sekretariat.p047@wroclawskaedukacja.pl<\/a><\/span>[\/vc_column_text][\/vc_column_inner][\/vc_row_inner][\/vc_column][\/vc_row]<\/p>\n<\/div>","protected":false},"excerpt":{"rendered":"<p>[vc_row][vc_column width=&#8221;1\/2&#8243;][vc_raw_html]JTNDaWZyYW1lJTIwd2lkdGglM0QlMjIxMDAlMjUlMjIlMjBoZWlnaHQlM0QlMjI1MDAlMjIlMjBzcmMlM0QlMjJodHRwcyUzQSUyRiUyRnd3dy5nb29nbGUuY29tJTJGbWFwcyUyRmVtYmVkJTNGcGIlM0QlMjExbTE4JTIxMW0xMiUyMTFtMyUyMTFkMjUwNC41OTk4NjY2ODgyMjMlMjEyZDE3LjA3MjQ2MjQxNTkxNDMxMyUyMTNkNTEuMTE1ODQyMzQ3MDc3MDA2JTIxMm0zJTIxMWYwJTIxMmYwJTIxM2YwJTIxM20yJTIxMWkxMDI0JTIxMmk3NjglMjE0ZjEzLjElMjEzbTMlMjExbTIlMjExczB4NDcwZmU4MmZkM2YzZWJmNSUyNTNBMHg5NDJjNTA0Mjc4NmM4MDNiJTIxMnNhbGVqYSUyNTIwTHVkb21pcmElMjUyMFIlMjVDMyUyNUIzJTI1QzUlMjVCQ3lja2llZ28lMjUyMDFBJTI1MkMlMjUyMDUxLTYwOCUyNTIwV3JvYyUyNUM1JTI1ODJhdyUyMTVlMCUyMTNtMiUyMTFzcGwlMjEyc3BsJTIxNHYxNTk1NDg1Mjk1MTU2JTIxNW0yJTIxMXNwbCUyMTJzcGwlMjIlMjBmcmFtZWJvcmRlciUzRCUyMjAlMjIlMjBzY3JvbGxpbmclM0QlMjJubyUyMiUyMG1hcmdpbmhlaWdodCUzRCUyMjAlMjIlMjBtYXJnaW53aWR0aCUzRCUyMjAlMjIlM0UlM0MlMkZpZnJhbWUlM0UlMEE=[\/vc_raw_html][\/vc_column][vc_column width=&#8221;1\/2&#8243;][vc_row_inner][vc_column_inner width=&#8221;1\/4&#8243; css=&#8221;.vc_custom_1769176049403{padding-top: 15px !important;}&#8221;][vc_icon icon_fontawesome=&#8221;fa fa-solid fa-location-dot&#8221; color=&#8221;custom&#8221; size=&#8221;xl&#8221; align=&#8221;center&#8221; css=&#8221;&#8221; custom_color=&#8221;#0E470B&#8221;][\/vc_column_inner][vc_column_inner width=&#8221;3\/4&#8243;][vc_column_text css=&#8221;&#8221;]Przedszkole nr 47 &#8222;Le\u015bny Ludek&#8221; Aleja Ludomira R\u00f3\u017cyckiego 1A 51-608 Wroc\u0142aw[\/vc_column_text][\/vc_column_inner][\/vc_row_inner][vc_row_inner][vc_column_inner width=&#8221;1\/4&#8243; css=&#8221;.vc_custom_1769176049403{padding-top: 15px [&hellip;]<\/p>\n","protected":false},"author":72,"featured_media":0,"parent":0,"menu_order":0,"comment_status":"closed","ping_status":"closed","template":"","meta":{"ngg_post_thumbnail":0,"footnotes":""},"class_list":["post-25","page","type-page","status-publish","hentry","clearfix"],"_links":{"self":[{"href":"https:\/\/przedszkole47.edu.wroclaw.pl\/index.php\/wp-json\/wp\/v2\/pages\/25","targetHints":{"allow":["GET"]}}],"collection":[{"href":"https:\/\/przedszkole47.edu.wroclaw.pl\/index.php\/wp-json\/wp\/v2\/pages"}],"about":[{"href":"https:\/\/przedszkole47.edu.wroclaw.pl\/index.php\/wp-json\/wp\/v2\/types\/page"}],"author":[{"embeddable":true,"href":"https:\/\/przedszkole47.edu.wroclaw.pl\/index.php\/wp-json\/wp\/v2\/users\/72"}],"replies":[{"embeddable":true,"href":"https:\/\/przedszkole47.edu.wroclaw.pl\/index.php\/wp-json\/wp\/v2\/comments?post=25"}],"version-history":[{"count":30,"href":"https:\/\/przedszkole47.edu.wroclaw.pl\/index.php\/wp-json\/wp\/v2\/pages\/25\/revisions"}],"predecessor-version":[{"id":16266,"href":"https:\/\/przedszkole47.edu.wroclaw.pl\/index.php\/wp-json\/wp\/v2\/pages\/25\/revisions\/16266"}],"wp:attachment":[{"href":"https:\/\/przedszkole47.edu.wroclaw.pl\/index.php\/wp-json\/wp\/v2\/media?parent=25"}],"curies":[{"name":"wp","href":"https:\/\/api.w.org\/{rel}","templated":true}]}}