
{"id":6750,"date":"2023-02-20T11:11:44","date_gmt":"2023-02-20T10:11:44","guid":{"rendered":"https:\/\/przedszkole47.edu.wroclaw.pl\/?page_id=6750"},"modified":"2026-01-19T22:14:58","modified_gmt":"2026-01-19T21:14:58","slug":"organizacja-przedszkola","status":"publish","type":"page","link":"https:\/\/przedszkole47.edu.wroclaw.pl\/index.php\/dla-rodzicow\/organizacja-przedszkola\/","title":{"rendered":"Organizacja przedszkola"},"content":{"rendered":"<div class=\"wpb-content-wrapper\"><p>[vc_row][vc_column][vc_column_text][\/vc_column_text][\/vc_column][\/vc_row][vc_row][vc_column][vc_column_text css=&#8221;&#8221;]<strong><span style=\"font-family: verdana, geneva\">Organizacja<\/span> <\/strong><\/p>\n<p><span style=\"font-family: verdana, geneva;font-size: 10pt\"><strong>Dyrektor Jowita Maziarz<\/strong><\/span><\/p>\n<p><span style=\"font-family: verdana, geneva;font-size: 10pt\"><strong>Nauczyciel zastepuj\u0105cy dyrektora Marlena Gumpert<\/strong><\/span><\/p>\n<p><span style=\"font-family: verdana, geneva;font-size: 10pt\"><strong>Intendent Anna Selinger<\/strong><\/span><\/p>\n<p><span style=\"font-family: verdana, geneva;font-size: 10pt\"><strong>Pomoc administracyjna Anna Lipi\u0144ska<\/strong><\/span><\/p>\n<p><span style=\"font-family: verdana, geneva;font-size: 10pt\"><strong>Przyprowadzanie dziecka do przedszkola od godz. 6:30 do 8:30, odbieranie dziecka do godziny 17:00.<\/strong><\/span><\/p>\n<p><span style=\"font-family: verdana, geneva;font-size: 10pt\"><strong>POSI\u0141KI wydawane s\u0105 w godzinach:<\/strong><\/span><\/p>\n<p><span style=\"font-family: verdana, geneva;font-size: 10pt\"><strong>\u015bniadanie \u00a0\u00a08:30\u00a0\u00a0 \u2013 9:00<\/strong><\/span><br \/>\n<span style=\"font-family: verdana, geneva;font-size: 10pt\"><strong>II danie 11:30 \u2013 12:00<\/strong><\/span><br \/>\n<span style=\"font-family: verdana, geneva;font-size: 10pt\"><strong>zupa + deser 14:00\u00a0 \u2013 14:30<\/strong><\/span><\/p>\n<p><span style=\"font-family: verdana, geneva;font-size: 10pt\"><strong>PRAWO<\/strong><\/span><\/p>\n<p><span style=\"font-family: verdana, geneva;font-size: 10pt\"><strong>Statut Przedszkola nr 47 &#8222;Le\u015bny Ludek&#8221;<br \/>\n<\/strong><\/span><\/p>\n<p><span style=\"font-family: verdana, geneva;font-size: 10pt\"><strong>KONTAKT<\/strong><\/span><\/p>\n<p><span style=\"font-family: verdana, geneva;font-size: 10pt\"><strong>W sprawach pilnych prosimy o kontakt telefoniczny lub mailowy: 71 798 67 91 wew. 100,<\/strong><\/span><\/p>\n<p><span style=\"font-family: verdana, geneva;font-size: 10pt\"><strong>\u00a0sekretariat.p047@wroclawskaedukacja.pl<\/strong><\/span><\/p>\n<p><span style=\"font-family: verdana, geneva;font-size: 10pt\"><strong>OP\u0141ATY<\/strong><\/span><\/p>\n<p><span style=\"font-family: verdana, geneva;font-size: 10pt\"><strong>Pobyt dziecka 6 letniego obj\u0119tego rocznym przygotowaniem przedszkolnym jest nieodp\u0142atny, <\/strong><\/span><br \/>\n<span style=\"font-family: verdana, geneva;font-size: 10pt\"><strong>Pobyt dzieci 3-5 letnich za 5 godzin jest nieodp\u0142atny, pozosta\u0142y czas pobytu dziecka p\u0142atny 1,44 z\u0142 za ka\u017cd\u0105 rozpocz\u0119t\u0105 godzin\u0119. Stawka ta obowi\u0105zuje od 1 wrze\u015bnia 2024r.<\/strong><\/span><br \/>\n<span style=\"font-family: verdana, geneva;font-size: 10pt\"><strong>Pobyt dziecka z rodziny wielodzietnej jest nieodp\u0142atny po z\u0142o\u017ceniu wniosku do dyrektora przedszkola w sekretariacie,* <\/strong><\/span><br \/>\n<span style=\"font-family: verdana, geneva;font-size: 10pt\"><strong>Wy\u017cywienie \u2013 3 posi\u0142ki dziennie \u2013 stawka dzienna \u2013 14 z\u0142,<\/strong><\/span><br \/>\n<span style=\"font-family: verdana, geneva;font-size: 10pt\"><strong>Czas pobytu dziecka w przedszkolu naliczany jest przez system elektroniczny,<\/strong><\/span><br \/>\n<span style=\"font-family: verdana, geneva;font-size: 10pt\"><strong>Op\u0142aty za przedszkole wnosimy z do\u0142u do 15\u00a0 nast\u0119pnego miesi\u0105ca, przelewem\u00a0 na indywidualne, wirtualne konto bankowe.\u00a0\u00a0<\/strong><\/span><br \/>\n<span style=\"font-family: verdana, geneva;font-size: 10pt\"><strong>Kwota p\u0142atno\u015bci za przedszkole wysy\u0142ana jest na adres mailowy Rodzica.\u00a0Za nieterminowe op\u0142aty naliczane s\u0105 ustawowe odsetki.<\/strong><\/span><\/p>\n<p>*zwolnienia z op\u0142aty sta\u0142ej udzielane s\u0105 na podstawie Uchwa\u0142y nr III\/18\/24 Rady Miejskiej Wroc\u0142awia z dnia 15 wrze\u015bnia 2022 r. w sprawie ustalenia czasu bezp\u0142atnego nauczania, wychowania i opieki oraz wysoko\u015bci op\u0142aty za korzystanie z wychowania przedszkolnego w przedszkolach publicznych prowadzonych przez gmin\u0119.[\/vc_column_text][\/vc_column][\/vc_row]<\/p>\n<\/div>","protected":false},"excerpt":{"rendered":"<p>[vc_row][vc_column][vc_column_text][\/vc_column_text][\/vc_column][\/vc_row][vc_row][vc_column][vc_column_text css=&#8221;&#8221;]Organizacja Dyrektor Jowita Maziarz Nauczyciel zastepuj\u0105cy dyrektora Marlena Gumpert Intendent Anna Selinger Pomoc administracyjna Anna Lipi\u0144ska Przyprowadzanie dziecka do przedszkola od godz. 6:30 do 8:30, odbieranie dziecka do godziny [&hellip;]<\/p>\n","protected":false},"author":72,"featured_media":0,"parent":19,"menu_order":0,"comment_status":"closed","ping_status":"closed","template":"","meta":{"ngg_post_thumbnail":0,"footnotes":""},"class_list":["post-6750","page","type-page","status-publish","hentry","clearfix"],"_links":{"self":[{"href":"https:\/\/przedszkole47.edu.wroclaw.pl\/index.php\/wp-json\/wp\/v2\/pages\/6750","targetHints":{"allow":["GET"]}}],"collection":[{"href":"https:\/\/przedszkole47.edu.wroclaw.pl\/index.php\/wp-json\/wp\/v2\/pages"}],"about":[{"href":"https:\/\/przedszkole47.edu.wroclaw.pl\/index.php\/wp-json\/wp\/v2\/types\/page"}],"author":[{"embeddable":true,"href":"https:\/\/przedszkole47.edu.wroclaw.pl\/index.php\/wp-json\/wp\/v2\/users\/72"}],"replies":[{"embeddable":true,"href":"https:\/\/przedszkole47.edu.wroclaw.pl\/index.php\/wp-json\/wp\/v2\/comments?post=6750"}],"version-history":[{"count":10,"href":"https:\/\/przedszkole47.edu.wroclaw.pl\/index.php\/wp-json\/wp\/v2\/pages\/6750\/revisions"}],"predecessor-version":[{"id":16215,"href":"https:\/\/przedszkole47.edu.wroclaw.pl\/index.php\/wp-json\/wp\/v2\/pages\/6750\/revisions\/16215"}],"up":[{"embeddable":true,"href":"https:\/\/przedszkole47.edu.wroclaw.pl\/index.php\/wp-json\/wp\/v2\/pages\/19"}],"wp:attachment":[{"href":"https:\/\/przedszkole47.edu.wroclaw.pl\/index.php\/wp-json\/wp\/v2\/media?parent=6750"}],"curies":[{"name":"wp","href":"https:\/\/api.w.org\/{rel}","templated":true}]}}